{"id":857,"date":"2019-07-30T23:34:12","date_gmt":"2019-07-30T23:34:12","guid":{"rendered":"https:\/\/milwaukeesdaschool.org\/home\/?page_id=857"},"modified":"2025-07-10T17:43:06","modified_gmt":"2025-07-10T17:43:06","slug":"cell-phone-policy","status":"publish","type":"page","link":"https:\/\/milwaukeesdaschool.org\/home\/cell-phone-policy\/","title":{"rendered":"Cell Phone Policy"},"content":{"rendered":"<p><em>The form must be filled out and signed before a student can bring a cell phone to school.<\/em><br \/>\n<em>Click here to download and print the form:<\/em> <a href=\"https:\/\/milwaukeesdaschool.org\/home\/wp-content\/uploads\/2025\/07\/Student-Cell-Phone-Form-English-2025-2026.pdf\">English <\/a><a href=\"https:\/\/milwaukeesdaschool.org\/home\/wp-content\/uploads\/2025\/07\/Student-Cell-Phone-Form-Spanish-2025-2026.pdf\">Spanish<\/a><\/p>\n<p>Students are not to have cell phones, smart watches, tablets, or personal electronic devices during the school day, or on field trips, unless approved by a teacher or administrator for a specific time and use. Any students bringing cell phones, or other electronic devices to school must turn them in to the office when they arrive at school and pick them up in their classroom at the end of the day.\u00a0 Should a student have an electronic device that they did not turn in, the device will be confiscated and the designated consequences are:<\/p>\n<p><strong>1st Offense<\/strong>: \u00a0\u00a0\u00a0\u00a0\u00a0\u00a0\u00a0\u00a0\u00a0\u00a0\u00a0\u00a0\u00a0\u00a0 The device will be taken and turned in to the office. The student will be given a warning and reminded and that they must remember to turn in their device each morning. It will be returned at the end of the school day.<\/p>\n<p><strong>2nd Offense:<\/strong>\u00a0\u00a0\u00a0\u00a0\u00a0\u00a0\u00a0\u00a0\u00a0\u00a0\u00a0\u00a0\u00a0\u00a0 The device will be taken and will only be returned when a parent comes in with the student to talk to the administration. A behavioral report will be filed.<\/p>\n<p><strong>Further Offenses:<\/strong>\u00a0\u00a0\u00a0\u00a0\u00a0\u00a0 Consequences for any further offenses will be decided by the administration.<\/p>\n<p><strong>Cell phone use on the bus:\u00a0 <\/strong>The use of cell phones or any other electronic devices on the bus are a privilege which students can lose should they share with others, play it out loud or distract the driver. Inappropriate use of any cell phone may result in losing the privilege of being able to bring the cell phone to school.<\/p>\n<hr \/>\n<p>Pol\u00edtica del Tel\u00e9fono Celular<\/p>\n<p>Los estudiantes no deben tener tel\u00e9fonos celulares, relojes inteligentes, tabletas o dispositivos electr\u00f3nicos personales durante el d\u00eda escolar o en excursiones, a menos que lo apruebe un maestro o administrador para un tiempo espec\u00edfico y\u00a0 cualquier estudiante que traiga tel\u00e9fonos celulares o cualquier otro dispositivo electr\u00f3nico a la escuela deben entregarlo en la oficina cuando lleguen a la escuela y recogerlo en su sal\u00f3n de clases al final del d\u00eda.\u00a0 Si un estudiante tiene un dispositivo electr\u00f3nico que no entreg\u00f3, el dispositivo ser\u00e1 confiscado y las consecuencias designadas son:<\/p>\n<p><strong>Primera infracci\u00f3n<\/strong>: El dispositivo ser\u00e1 retirado y entregado a la oficina. El estudiante recibir\u00e1 una advertencia y se le recordar\u00e1 que debe recordar entregar su dispositivo cada ma\u00f1ana. Se devolver\u00e1 al final del d\u00eda escolar.<strong>\u00a0 \u00a0 \u00a0 \u00a0 \u00a0 \u00a0 \u00a0 \u00a0 \u00a0 \u00a0 \u00a0 \u00a0 \u00a0 \u00a0 \u00a0 \u00a0 \u00a0 \u00a0 \u00a0 \u00a0 \u00a0 \u00a0 \u00a0\u00a0<\/strong><\/p>\n<p><strong>Segunda infracci\u00f3n<\/strong>: Se quitar\u00e1 el dispositivo y solo se devolver\u00e1 cuando uno de los padres entre con el estudiante para hablar con la administraci\u00f3n. Se presentar\u00e1 un informe de comportamiento.<strong>\u00a0<\/strong><\/p>\n<p><strong>Infracciones adicionales<\/strong>: las consecuencias de cualquier infracci\u00f3n adicional ser\u00e1n decididas por la administraci\u00f3n.<\/p>\n<p><strong>Uso de tel\u00e9fonos celulares en el autob\u00fas<\/strong>: El uso de tel\u00e9fonos celulares o cualquier otro dispositivo electr\u00f3nico en el autob\u00fas es un privilegio que los estudiantes pueden perder si lo comparten con otros, lo escuchan en voz alta o distraen al conductor. El uso inapropiado de cualquier tel\u00e9fono celular puede resultar en la p\u00e9rdida del privilegio de poder traer el tel\u00e9fono celular a la escuela.<\/p>\n<div id=\"c90e883f-9c44-4b89-bba0-a316b860ce5b\" style=\"z-index: 2147483647; position: relative; display: block; height: 0px; min-height: 0px; width: 0px; min-width: 0px; margin: 0px; padding: 0px; border: 0px;\" data-gg-image-block-reason-modal-anchor=\"true\"><\/div>\n","protected":false},"excerpt":{"rendered":"<p>&nbsp;<\/p>\n<div id=\"b7b01d88-1d45-4c86-8333-cc168d19a414\" style=\"z-index: 2147483647; position: relative; display: block; height: 0px; min-height: 0px; width: 0px; min-width: 0px; margin: 0px; padding: 0px; border: 0px;\" data-gg-image-block-reason-modal-anchor=\"true\"><\/div>\n","protected":false},"author":1,"featured_media":0,"parent":0,"menu_order":0,"comment_status":"closed","ping_status":"closed","template":"","meta":{"footnotes":""},"class_list":["post-857","page","type-page","status-publish","hentry","latest_post"],"_links":{"self":[{"href":"https:\/\/milwaukeesdaschool.org\/home\/wp-json\/wp\/v2\/pages\/857","targetHints":{"allow":["GET"]}}],"collection":[{"href":"https:\/\/milwaukeesdaschool.org\/home\/wp-json\/wp\/v2\/pages"}],"about":[{"href":"https:\/\/milwaukeesdaschool.org\/home\/wp-json\/wp\/v2\/types\/page"}],"author":[{"embeddable":true,"href":"https:\/\/milwaukeesdaschool.org\/home\/wp-json\/wp\/v2\/users\/1"}],"replies":[{"embeddable":true,"href":"https:\/\/milwaukeesdaschool.org\/home\/wp-json\/wp\/v2\/comments?post=857"}],"version-history":[{"count":8,"href":"https:\/\/milwaukeesdaschool.org\/home\/wp-json\/wp\/v2\/pages\/857\/revisions"}],"predecessor-version":[{"id":1770,"href":"https:\/\/milwaukeesdaschool.org\/home\/wp-json\/wp\/v2\/pages\/857\/revisions\/1770"}],"wp:attachment":[{"href":"https:\/\/milwaukeesdaschool.org\/home\/wp-json\/wp\/v2\/media?parent=857"}],"curies":[{"name":"wp","href":"https:\/\/api.w.org\/{rel}","templated":true}]}}