{"id":383,"date":"2018-10-31T18:30:52","date_gmt":"2018-10-31T18:30:52","guid":{"rendered":"https:\/\/milwaukeesdaschool.org\/home\/?page_id=383"},"modified":"2024-06-24T21:32:02","modified_gmt":"2024-06-24T21:32:02","slug":"illness-policy","status":"publish","type":"page","link":"https:\/\/milwaukeesdaschool.org\/home\/illness-policy\/","title":{"rendered":"Illness Policy"},"content":{"rendered":"<p>Our school policy states that you should not send your child to school if he\/she has:<\/p>\n<p style=\"padding-left: 30px;\">\u00a0<br \/>\n\u2022 Fever in the past 24 hours<br \/>\n\u2022 Vomiting in the past 24 hours<br \/>\n\u2022 Diarrhea in the past 24 hours<br \/>\n\u2022 Chills<br \/>\n\u2022 Sore Throat<br \/>\n\u2022 Strep Throat (must have been taking an antibiotic for at least 24 hours before returning to school)<br \/>\n\u2022 Bad cold, with very runny nose or bad cough especially if it has kept the child awake at night<br \/>\n\u2022 Head lice until your child has been treated according to a doctor\u2019s instructions<\/p>\n<p>If your child becomes ill at school and administration feels they would benefit from going home, you will be called to come and take him\/her home from school. Please be sure that arrangements can be made to transport your child home from school and that childcare is available in case of illness. These guidelines are meant to serve the best interest of all the children in school.<br \/>\n***************************************************************************<br \/>\nPol\u00edtica de Enfermedad de la Escuela SDA de Milwaukee<br \/>\nNuestra pol\u00edtica de la escuela establece que no debe enviar a su hijo a clases si \u00e9l \/ ella tiene:<\/p>\n<p style=\"padding-left: 30px;\">\u2022 Fiebre en las \u00faltimas 24 horas<br \/>\n\u2022 V\u00f3mito en las \u00faltimas 24 horas<br \/>\n\u2022 Diarrea en las \u00faltimas 24 horas<br \/>\n\u2022 Escalofr\u00edos<br \/>\n\u2022 Dolor de garganta<br \/>\n\u2022 Estreptococos de garganta (o por lo menos debe haber estado tomando un antibi\u00f3tico durante 24 horas antes de regresar a la escuela)<br \/>\n\u2022 Fuerte resfriado, con mucha secreci\u00f3n nasal o mucha tos, especialmente si ha mantenido al ni\u00f1o despierto durante la noche.<br \/>\n\u2022 La cabeza con piojos, \u00e9l\/ella debe regresar a la escuela hasta que haya tenido un tratamiento de acuerdo a las instrucciones de un m\u00e9dico<\/p>\n<p>Si su hijo se enferma en la escuela y la administraci\u00f3n considera que ser\u00e1 mejor para el ni\u00f1o que vaya a casa le daremos una llamada para que venga a recogerlo a la escuela y lo lleve a casa. Aseg\u00farese de hacer los arreglos necesarios para transportar a su hijo de la escuela a su casa y tambi\u00e9n que hay quien cuide a sus hijos en caso de enfermedad. Estas pautas son con el objetivo de servir al mejor inter\u00e9s de todos los ni\u00f1os en la escuela.<\/p>\n","protected":false},"excerpt":{"rendered":"<p>Our school policy states that you should not send your child to school if he\/she has: \u00a0 \u2022 Fever in &hellip; <\/p>\n","protected":false},"author":1,"featured_media":0,"parent":0,"menu_order":0,"comment_status":"closed","ping_status":"closed","template":"","meta":{"footnotes":""},"class_list":["post-383","page","type-page","status-publish","hentry","latest_post"],"_links":{"self":[{"href":"https:\/\/milwaukeesdaschool.org\/home\/wp-json\/wp\/v2\/pages\/383","targetHints":{"allow":["GET"]}}],"collection":[{"href":"https:\/\/milwaukeesdaschool.org\/home\/wp-json\/wp\/v2\/pages"}],"about":[{"href":"https:\/\/milwaukeesdaschool.org\/home\/wp-json\/wp\/v2\/types\/page"}],"author":[{"embeddable":true,"href":"https:\/\/milwaukeesdaschool.org\/home\/wp-json\/wp\/v2\/users\/1"}],"replies":[{"embeddable":true,"href":"https:\/\/milwaukeesdaschool.org\/home\/wp-json\/wp\/v2\/comments?post=383"}],"version-history":[{"count":4,"href":"https:\/\/milwaukeesdaschool.org\/home\/wp-json\/wp\/v2\/pages\/383\/revisions"}],"predecessor-version":[{"id":1468,"href":"https:\/\/milwaukeesdaschool.org\/home\/wp-json\/wp\/v2\/pages\/383\/revisions\/1468"}],"wp:attachment":[{"href":"https:\/\/milwaukeesdaschool.org\/home\/wp-json\/wp\/v2\/media?parent=383"}],"curies":[{"name":"wp","href":"https:\/\/api.w.org\/{rel}","templated":true}]}}