{"id":371,"date":"2018-10-31T18:06:18","date_gmt":"2018-10-31T18:06:18","guid":{"rendered":"https:\/\/milwaukeesdaschool.org\/home\/?page_id=371"},"modified":"2025-07-10T17:13:06","modified_gmt":"2025-07-10T17:13:06","slug":"accessing-parentsweb","status":"publish","type":"page","link":"https:\/\/milwaukeesdaschool.org\/home\/accessing-parentsweb\/","title":{"rendered":"Accessing ParentsWeb"},"content":{"rendered":"<p><a href=\"#Spanish:\"><span style=\"text-decoration: none;\">(Click here for Espa\u00f1ol)<\/span><\/a><\/p>\n<p><strong>FACTS Management<\/strong> gives you, the busy parent, an opportunity to get more involved in your child\u2019s academic progress and future success \u2013 all via the Internet!<\/p>\n<p><strong>ParentsWeb <\/strong>from <strong>FACTS<\/strong> is a private and secure parents\u2019 portal that will allow parents to view academic information specific to their children, while protecting their children\u2019s information from others. You may view your child\u2019s grades, attendance and homework, as well as other useful school information. You can also communicate with teachers and other school staff online whenever necessary. All you need is an Internet-capable computer.<\/p>\n<p>Here\u2019s how to access our easy-to-use <strong>ParentsWeb<\/strong>:<\/p>\n<ul>\n<li>In Chrome, Firefox, Safari, or Internet Explorer go to <a href=\"http:\/\/www.factsmgt.com\">www.factsmgt.com<\/a> and click <strong>Parent Login<\/strong>, then select <strong>FACTS Family Online (ParentsWeb)<\/strong>.<\/li>\n<li>Type the school&#8217;s <strong>District Code:<\/strong> <strong><u>Mil-WI<\/u><\/strong><\/li>\n<li>Click <strong>Create New ParentsWeb Account<\/strong>.<\/li>\n<li>Type your email address and click <strong>Create Account<\/strong>. An email will be sent which includes a link to create your ParentsWeb login. The link is active for 6 hours.<\/li>\n<li>Select the <strong>Click to Create your ParentsWeb login<\/strong> link.<\/li>\n<li>A web browser displays your <strong>Name<\/strong> and RenWeb <strong>Person ID<\/strong>.<\/li>\n<li>Type a <strong>User Name<\/strong>, <strong>Password, <\/strong>and <strong>Confirm<\/strong> the password.<\/li>\n<\/ul>\n<p>&nbsp;<\/p>\n<ul>\n<li>Select the <strong>Click to Create your ParentsWeb login<\/strong> link.<\/li>\n<li>A web browser displays your <strong>Name<\/strong> and RenWeb <strong>Person ID<\/strong>.<\/li>\n<li>Type a <strong>User Name<\/strong>, <strong>Password, <\/strong>and <strong>Confirm<\/strong> the password.<\/li>\n<\/ul>\n<p>&nbsp;<\/p>\n<ul>\n<li>Click <strong>Save User Name and\/or Password<\/strong>.<br \/>\nA message displays at the top of the browser, &#8220;<strong>User Name\/Password successfully updated<\/strong>.&#8221;<\/li>\n<\/ul>\n<p>&nbsp;<\/p>\n<ul>\n<li>You may now log in to ParentsWeb using your new User Name and Password.<\/li>\n<li>ParentsWeb allows you to access:\n<ul>\n<li>Student attendance and daily grades<\/li>\n<li>Progress reports, reports cards and transcripts<\/li>\n<li>Lesson plans and homework<\/li>\n<li>School events and lunch calendar<\/li>\n<\/ul>\n<\/li>\n<\/ul>\n<hr \/>\n<p><a name=\"Spanish:\"><\/a><\/p>\n<p><strong><span style=\"font-size: 18px;\">Acceso al ParentsWeb<\/span><\/strong><\/p>\n<p><strong>FACTS Management<\/strong> le brinda a usted, padre de familia ocupado una oportunidad de implicarse m\u00e1s en el progreso acad\u00e9mico de su hijo as\u00ed como en su \u00e9xito en el future \u2013 todo a trav\u00e9s de internet.<\/p>\n<p><strong>La Web para Padres de FACTS<\/strong> es un portal seguro y privado del padre de familia que permite visualizar la informaci\u00f3n acad\u00e9mica espec\u00edfica de sus hijos mientras protege la privacidad de los datos. Usted puede ver las calificaciones de su hijo, la asistencia, las tareas y su conducta, as\u00ed como informaci\u00f3n \u00fatil del colegio. Tambi\u00e9n puede comunicarse con los profesores y personal del colegio cuando le haga falta. Todo lo que necesita es un equipo con internet.<\/p>\n<p>Para accede a la <strong>Web para <\/strong><strong>Padres<\/strong>, siga los siguientes pasos:<\/p>\n<ul>\n<li>En Chrome, Firefox, Safari, o Internet Explorer, vaya a <a href=\"http:\/\/www.factsmgt.com\">www.factsmgt.com<\/a> y haga clic en <strong>Parent Login<\/strong>, luego selecciona <strong>FACTS Family Online (ParentsWeb)<\/strong>.<\/li>\n<li>Escriba el C\u00f3digo de Distrito del colegio <strong>C\u00f3digo de Distrito<\/strong>: <strong><u>MIL-WI<\/u><\/strong><\/li>\n<li>Haga clic en <strong>Create New ParentsWeb Account<\/strong>.<\/li>\n<li>Teclee su direcci\u00f3n de correo electr\u00f3nico y haga clic en <strong>Create Account<\/strong>. Se le enviar\u00e1 un mensaje de correo electr\u00f3nico en el que se incluir\u00e1 un enlace para crear su usuario y contrase\u00f1a para su cuenta de Web para Padres. El enlace estar\u00e1 active durante 6 horas.<\/li>\n<\/ul>\n<p>&nbsp;<\/p>\n<ul>\n<li>Seleccione el enlace <strong>Click to create your ParentsWeb login<\/strong>.<\/li>\n<li>El navegador mostrar\u00e1 su nombre y su <strong>Person ID <\/strong>de RenWeb.<\/li>\n<li>Escriba un <strong>Nombre de Usuario<\/strong>, <strong>Contrase\u00f1a, <\/strong>y <strong>Confirme<\/strong> la contrase\u00f1a.<\/li>\n<\/ul>\n<p>&nbsp;<\/p>\n<ul>\n<li>Haga clic en <strong>Save User Name and\/or Password<\/strong>.<br \/>\nUn mensaje se mostrar\u00e1 en la en la parte de arriba del navegador: \u00ab<strong>User Name\/Password successfully updated<\/strong>\u00bb (Usuario\/Contrase\u00f1a creados correctamente).<\/li>\n<\/ul>\n<p>&nbsp;<\/p>\n<ul>\n<li>En este momento ya puede accede a la Web para Padres usando su Nuevo Usuario y Contrase\u00f1a.<\/li>\n<li>La Web para Padres le permitir\u00e1 accede a:\n<ul>\n<li>Asistencia del alumno y evaluaci\u00f3n diaria.<\/li>\n<li>Evaluaci\u00f3n continua, boletines de notas y certificados.<\/li>\n<li>Planes de estudios y tareas.<\/li>\n<li>Eventos del colegio y men\u00fas del comedor.<\/li>\n<\/ul>\n<\/li>\n<\/ul>\n<p>&nbsp;<\/p>\n<p>&nbsp;<\/p>\n<div id=\"b72e8c43-41f4-4735-b45d-07d3264bc146\" style=\"z-index: 2147483647; position: relative; display: block; height: 0px; min-height: 0px; width: 0px; min-width: 0px; margin: 0px; padding: 0px; border: 0px;\" data-gg-image-block-reason-modal-anchor=\"true\"><\/div>\n","protected":false},"excerpt":{"rendered":"<p>&nbsp;<\/p>\n<div id=\"6e885ad3-d0be-4a44-acd1-a3f17ca8e6ff\" style=\"z-index: 2147483647; position: relative; display: block; height: 0px; min-height: 0px; width: 0px; min-width: 0px; margin: 0px; padding: 0px; border: 0px;\" data-gg-image-block-reason-modal-anchor=\"true\"><\/div>\n","protected":false},"author":1,"featured_media":0,"parent":0,"menu_order":0,"comment_status":"closed","ping_status":"closed","template":"","meta":{"footnotes":""},"class_list":["post-371","page","type-page","status-publish","hentry","latest_post"],"_links":{"self":[{"href":"https:\/\/milwaukeesdaschool.org\/home\/wp-json\/wp\/v2\/pages\/371","targetHints":{"allow":["GET"]}}],"collection":[{"href":"https:\/\/milwaukeesdaschool.org\/home\/wp-json\/wp\/v2\/pages"}],"about":[{"href":"https:\/\/milwaukeesdaschool.org\/home\/wp-json\/wp\/v2\/types\/page"}],"author":[{"embeddable":true,"href":"https:\/\/milwaukeesdaschool.org\/home\/wp-json\/wp\/v2\/users\/1"}],"replies":[{"embeddable":true,"href":"https:\/\/milwaukeesdaschool.org\/home\/wp-json\/wp\/v2\/comments?post=371"}],"version-history":[{"count":12,"href":"https:\/\/milwaukeesdaschool.org\/home\/wp-json\/wp\/v2\/pages\/371\/revisions"}],"predecessor-version":[{"id":1759,"href":"https:\/\/milwaukeesdaschool.org\/home\/wp-json\/wp\/v2\/pages\/371\/revisions\/1759"}],"wp:attachment":[{"href":"https:\/\/milwaukeesdaschool.org\/home\/wp-json\/wp\/v2\/media?parent=371"}],"curies":[{"name":"wp","href":"https:\/\/api.w.org\/{rel}","templated":true}]}}